{"id":52,"date":"2019-12-15T11:00:00","date_gmt":"2019-12-15T10:00:00","guid":{"rendered":"http:\/\/grainedesouvenirs.com\/?page_id=52"},"modified":"2020-05-19T09:35:06","modified_gmt":"2020-05-19T07:35:06","slug":"a-propos","status":"publish","type":"page","link":"https:\/\/grainedesouvenirs.com\/index.php\/a-propos\/","title":{"rendered":"\u00c0 propos"},"content":{"rendered":"\n<p>Passionn\u00e9e de photographie depuis tr\u00e8s jeune, j\u2019ai voulu en faire mon m\u00e9tier.&nbsp;<\/p>\n\n\n\n<p>La photographie s\u2019est impos\u00e9e progressivement dans ma vie. Au d\u00e9part comme moyen d\u2019expression puis comme moyen qui me permet de vivre et de voir le moment pr\u00e9sent. Avec de la patience, beaucoup de travail et des formations, c\u2019est devenu mon m\u00e9tier, un m\u00e9tier qui me passionne tant par les challenges que par les rencontres qu\u2019il me permet de faire.<\/p>\n\n\n\n<p>La photo pour moi, c\u2019est quoi&nbsp;? C\u2019est une \u00e9vasion, une capture d\u2019un instant qu\u2019on fige, un lien qu\u2019on retranscrit sur une image, qui \u00e9tait invisible a l\u2019\u0153il nu et qui devient visible. C\u2019est une sensation qu\u2019on imprime dans le temps. C\u2019est explorer, ressortir, ressentir et surtout se souvenir.<\/p>\n\n\n\n<p>Mon approche est avant tout de pr\u00e9server l\u2019\u00e9motion de l\u2019instant sur la photo.<\/p>\n\n\n\n<p>Vos images doivent retranscrire de mani\u00e8re naturelle la complicit\u00e9 et la tendresse que vous ressentez envers les \u00eatres qui partagent votre vie ou bien tout simplement envers vous-m\u00eame.<\/p>\n\n\n\n<p><\/p>\n","protected":false},"excerpt":{"rendered":"<p>Passionn\u00e9e de photographie depuis tr\u00e8s jeune, j\u2019ai voulu en faire mon m\u00e9tier.&nbsp; La photographie s\u2019est impos\u00e9e progressivement dans ma vie. Au d\u00e9part comme moyen d\u2019expression puis comme moyen qui me&hellip;<\/p>\n","protected":false},"author":1,"featured_media":0,"parent":0,"menu_order":0,"comment_status":"closed","ping_status":"closed","template":"","meta":{"footnotes":""},"class_list":["post-52","page","type-page","status-publish","hentry"],"_links":{"self":[{"href":"https:\/\/grainedesouvenirs.com\/index.php\/wp-json\/wp\/v2\/pages\/52"}],"collection":[{"href":"https:\/\/grainedesouvenirs.com\/index.php\/wp-json\/wp\/v2\/pages"}],"about":[{"href":"https:\/\/grainedesouvenirs.com\/index.php\/wp-json\/wp\/v2\/types\/page"}],"author":[{"embeddable":true,"href":"https:\/\/grainedesouvenirs.com\/index.php\/wp-json\/wp\/v2\/users\/1"}],"replies":[{"embeddable":true,"href":"https:\/\/grainedesouvenirs.com\/index.php\/wp-json\/wp\/v2\/comments?post=52"}],"version-history":[{"count":16,"href":"https:\/\/grainedesouvenirs.com\/index.php\/wp-json\/wp\/v2\/pages\/52\/revisions"}],"predecessor-version":[{"id":305,"href":"https:\/\/grainedesouvenirs.com\/index.php\/wp-json\/wp\/v2\/pages\/52\/revisions\/305"}],"wp:attachment":[{"href":"https:\/\/grainedesouvenirs.com\/index.php\/wp-json\/wp\/v2\/media?parent=52"}],"curies":[{"name":"wp","href":"https:\/\/api.w.org\/{rel}","templated":true}]}}