{"id":51,"date":"2019-12-15T11:04:50","date_gmt":"2019-12-15T10:04:50","guid":{"rendered":"http:\/\/grainedesouvenirs.com\/?page_id=51"},"modified":"2020-05-22T20:39:02","modified_gmt":"2020-05-22T18:39:02","slug":"tarifs","status":"publish","type":"page","link":"https:\/\/grainedesouvenirs.com\/index.php\/tarifs\/","title":{"rendered":"Tarifs"},"content":{"rendered":"\t\t<div data-elementor-type=\"wp-page\" data-elementor-id=\"51\" class=\"elementor elementor-51\" data-elementor-settings=\"[]\">\n\t\t\t\t\t\t<div class=\"elementor-inner\">\n\t\t\t\t\t\t\t<div class=\"elementor-section-wrap\">\n\t\t\t\t\t\t\t<section class=\"elementor-section elementor-top-section elementor-element elementor-element-7fd51ba elementor-section-boxed elementor-section-height-default elementor-section-height-default\" data-id=\"7fd51ba\" data-element_type=\"section\">\n\t\t\t\t\t\t<div class=\"elementor-container elementor-column-gap-default\">\n\t\t\t\t\t\t\t<div class=\"elementor-row\">\n\t\t\t\t\t<div class=\"elementor-column elementor-col-100 elementor-top-column elementor-element elementor-element-f9b31be\" data-id=\"f9b31be\" data-element_type=\"column\">\n\t\t\t<div class=\"elementor-column-wrap elementor-element-populated\">\n\t\t\t\t\t\t\t<div class=\"elementor-widget-wrap\">\n\t\t\t\t\t\t<div class=\"elementor-element elementor-element-72a3197 elementor-arrows-position-inside elementor-pagination-position-outside elementor-widget elementor-widget-image-carousel\" data-id=\"72a3197\" data-element_type=\"widget\" data-settings=\"{&quot;slides_to_show&quot;:&quot;1&quot;,&quot;navigation&quot;:&quot;both&quot;,&quot;autoplay&quot;:&quot;yes&quot;,&quot;pause_on_hover&quot;:&quot;yes&quot;,&quot;pause_on_interaction&quot;:&quot;yes&quot;,&quot;autoplay_speed&quot;:5000,&quot;infinite&quot;:&quot;yes&quot;,&quot;effect&quot;:&quot;slide&quot;,&quot;speed&quot;:500}\" data-widget_type=\"image-carousel.default\">\n\t\t\t\t<div class=\"elementor-widget-container\">\n\t\t\t\t\t<div class=\"elementor-image-carousel-wrapper swiper-container\" dir=\"ltr\">\n\t\t\t<div class=\"elementor-image-carousel swiper-wrapper\">\n\t\t\t\t<div class=\"swiper-slide\"><figure class=\"swiper-slide-inner\" data-imagelightbox=\"g\"><img decoding=\"async\" class=\"swiper-slide-image\" src=\"https:\/\/grainedesouvenirs.com\/wp-content\/uploads\/2020\/03\/photo5-800x533.jpg\" alt=\"b\u00e9b\u00e9\" \/><\/figure><\/div><div class=\"swiper-slide\"><figure class=\"swiper-slide-inner\" data-imagelightbox=\"g\"><img decoding=\"async\" class=\"swiper-slide-image\" src=\"https:\/\/grainedesouvenirs.com\/wp-content\/uploads\/2020\/03\/photo10-800x534.jpg\" alt=\"famille\" \/><\/figure><\/div><div class=\"swiper-slide\"><figure class=\"swiper-slide-inner\" data-imagelightbox=\"g\"><img decoding=\"async\" class=\"swiper-slide-image\" src=\"https:\/\/grainedesouvenirs.com\/wp-content\/uploads\/2020\/03\/photo2-800x533.jpg\" alt=\"nouveau n\u00e9\" \/><\/figure><\/div><div class=\"swiper-slide\"><figure class=\"swiper-slide-inner\" data-imagelightbox=\"g\"><img decoding=\"async\" class=\"swiper-slide-image\" src=\"https:\/\/grainedesouvenirs.com\/wp-content\/uploads\/2019\/12\/MG_9188-800x540.jpg\" alt=\"2 fr\u00e9res\" \/><\/figure><\/div>\t\t\t<\/div>\n\t\t\t\t\t\t\t\t\t\t\t\t<div class=\"swiper-pagination\"><\/div>\n\t\t\t\t\t\t\t\t\t\t\t\t\t<div class=\"elementor-swiper-button elementor-swiper-button-prev\">\n\t\t\t\t\t\t<i class=\"eicon-chevron-left\" aria-hidden=\"true\"><\/i>\n\t\t\t\t\t\t<span class=\"elementor-screen-only\">Pr\u00e9c\u00e9dent<\/span>\n\t\t\t\t\t<\/div>\n\t\t\t\t\t<div class=\"elementor-swiper-button elementor-swiper-button-next\">\n\t\t\t\t\t\t<i class=\"eicon-chevron-right\" aria-hidden=\"true\"><\/i>\n\t\t\t\t\t\t<span class=\"elementor-screen-only\">Suivant<\/span>\n\t\t\t\t\t<\/div>\n\t\t\t\t\t\t\t\t\t<\/div>\n\t\t\t\t<\/div>\n\t\t\t\t<\/div>\n\t\t\t\t<div class=\"elementor-element elementor-element-18358ac elementor-widget elementor-widget-spacer\" data-id=\"18358ac\" data-element_type=\"widget\" data-widget_type=\"spacer.default\">\n\t\t\t\t<div class=\"elementor-widget-container\">\n\t\t\t\t\t<div class=\"elementor-spacer\">\n\t\t\t<div class=\"elementor-spacer-inner\"><\/div>\n\t\t<\/div>\n\t\t\t\t<\/div>\n\t\t\t\t<\/div>\n\t\t\t\t\t\t<\/div>\n\t\t\t\t\t<\/div>\n\t\t<\/div>\n\t\t\t\t\t\t\t\t<\/div>\n\t\t\t\t\t<\/div>\n\t\t<\/section>\n\t\t\t\t<section class=\"elementor-section elementor-top-section elementor-element elementor-element-347137b elementor-section-boxed elementor-section-height-default elementor-section-height-default\" data-id=\"347137b\" data-element_type=\"section\">\n\t\t\t\t\t\t<div class=\"elementor-container elementor-column-gap-default\">\n\t\t\t\t\t\t\t<div class=\"elementor-row\">\n\t\t\t\t\t<div class=\"elementor-column elementor-col-100 elementor-top-column elementor-element elementor-element-23ee70d\" data-id=\"23ee70d\" data-element_type=\"column\">\n\t\t\t<div class=\"elementor-column-wrap elementor-element-populated\">\n\t\t\t\t\t\t\t<div class=\"elementor-widget-wrap\">\n\t\t\t\t\t\t<div class=\"elementor-element elementor-element-e93095f elementor-widget elementor-widget-text-editor\" data-id=\"e93095f\" data-element_type=\"widget\" data-widget_type=\"text-editor.default\">\n\t\t\t\t<div class=\"elementor-widget-container\">\n\t\t\t\t\t<div class=\"elementor-text-editor elementor-clearfix\"><h2 style=\"text-align: center;\">TARIFS<\/h2><\/div>\n\t\t\t\t<\/div>\n\t\t\t\t<\/div>\n\t\t\t\t\t\t<\/div>\n\t\t\t\t\t<\/div>\n\t\t<\/div>\n\t\t\t\t\t\t\t\t<\/div>\n\t\t\t\t\t<\/div>\n\t\t<\/section>\n\t\t\t\t<section class=\"elementor-section elementor-top-section elementor-element elementor-element-b11292c elementor-section-boxed elementor-section-height-default elementor-section-height-default\" data-id=\"b11292c\" data-element_type=\"section\">\n\t\t\t\t\t\t<div class=\"elementor-container elementor-column-gap-default\">\n\t\t\t\t\t\t\t<div class=\"elementor-row\">\n\t\t\t\t\t<div class=\"elementor-column elementor-col-33 elementor-top-column elementor-element elementor-element-64eab7b\" data-id=\"64eab7b\" data-element_type=\"column\">\n\t\t\t<div class=\"elementor-column-wrap elementor-element-populated\">\n\t\t\t\t\t\t\t<div class=\"elementor-widget-wrap\">\n\t\t\t\t\t\t<div class=\"elementor-element elementor-element-ed76bab elementor-widget elementor-widget-image\" data-id=\"ed76bab\" data-element_type=\"widget\" data-widget_type=\"image.default\">\n\t\t\t\t<div class=\"elementor-widget-container\">\n\t\t\t\t\t<div class=\"elementor-image\">\n\t\t\t\t\t\t\t<figure class=\"wp-caption\">\n\t\t\t\t\t\t\t\t\t\t\t<a href=\"http:\/\/grainedesouvenirs.com\/index.php\/contact\/\">\n\t\t\t\t\t\t\t<img loading=\"lazy\" decoding=\"async\" width=\"1080\" height=\"720\" src=\"https:\/\/grainedesouvenirs.com\/wp-content\/uploads\/2020\/03\/photo8.jpg\" class=\"elementor-animation-float attachment-large size-large\" alt=\"\" srcset=\"https:\/\/grainedesouvenirs.com\/wp-content\/uploads\/2020\/03\/photo8.jpg 1080w, https:\/\/grainedesouvenirs.com\/wp-content\/uploads\/2020\/03\/photo8-300x200.jpg 300w, https:\/\/grainedesouvenirs.com\/wp-content\/uploads\/2020\/03\/photo8-800x533.jpg 800w\" sizes=\"(max-width: 1080px) 100vw, 1080px\" \/>\t\t\t\t\t\t\t\t<\/a>\n\t\t\t\t\t\t\t\t\t\t\t<figcaption class=\"widget-image-caption wp-caption-text\">Nouveau n\u00e9 - \u00c0 partir de 299\u20ac<\/figcaption>\n\t\t\t\t\t\t\t\t\t\t<\/figure>\n\t\t\t\t\t<\/div>\n\t\t\t\t<\/div>\n\t\t\t\t<\/div>\n\t\t\t\t\t\t<\/div>\n\t\t\t\t\t<\/div>\n\t\t<\/div>\n\t\t\t\t<div class=\"elementor-column elementor-col-33 elementor-top-column elementor-element elementor-element-bd59cad\" data-id=\"bd59cad\" data-element_type=\"column\">\n\t\t\t<div class=\"elementor-column-wrap elementor-element-populated\">\n\t\t\t\t\t\t\t<div class=\"elementor-widget-wrap\">\n\t\t\t\t\t\t<div class=\"elementor-element elementor-element-eda4b8b elementor-widget elementor-widget-image\" data-id=\"eda4b8b\" data-element_type=\"widget\" data-widget_type=\"image.default\">\n\t\t\t\t<div class=\"elementor-widget-container\">\n\t\t\t\t\t<div class=\"elementor-image\">\n\t\t\t\t\t\t\t<figure class=\"wp-caption\">\n\t\t\t\t\t\t\t\t\t\t\t<a href=\"http:\/\/grainedesouvenirs.com\/index.php\/contact\/\">\n\t\t\t\t\t\t\t<img loading=\"lazy\" decoding=\"async\" width=\"1080\" height=\"720\" src=\"https:\/\/grainedesouvenirs.com\/wp-content\/uploads\/2020\/03\/photo5.jpg\" class=\"elementor-animation-float attachment-large size-large\" alt=\"\" srcset=\"https:\/\/grainedesouvenirs.com\/wp-content\/uploads\/2020\/03\/photo5.jpg 1080w, https:\/\/grainedesouvenirs.com\/wp-content\/uploads\/2020\/03\/photo5-300x200.jpg 300w, https:\/\/grainedesouvenirs.com\/wp-content\/uploads\/2020\/03\/photo5-800x533.jpg 800w\" sizes=\"(max-width: 1080px) 100vw, 1080px\" \/>\t\t\t\t\t\t\t\t<\/a>\n\t\t\t\t\t\t\t\t\t\t\t<figcaption class=\"widget-image-caption wp-caption-text\">Grossesse - \u00c0 partir 199\u20ac<\/figcaption>\n\t\t\t\t\t\t\t\t\t\t<\/figure>\n\t\t\t\t\t<\/div>\n\t\t\t\t<\/div>\n\t\t\t\t<\/div>\n\t\t\t\t\t\t<\/div>\n\t\t\t\t\t<\/div>\n\t\t<\/div>\n\t\t\t\t<div class=\"elementor-column elementor-col-33 elementor-top-column elementor-element elementor-element-b76084d\" data-id=\"b76084d\" data-element_type=\"column\">\n\t\t\t<div class=\"elementor-column-wrap elementor-element-populated\">\n\t\t\t\t\t\t\t<div class=\"elementor-widget-wrap\">\n\t\t\t\t\t\t<div class=\"elementor-element elementor-element-d0da64e elementor-widget elementor-widget-image\" data-id=\"d0da64e\" data-element_type=\"widget\" data-widget_type=\"image.default\">\n\t\t\t\t<div class=\"elementor-widget-container\">\n\t\t\t\t\t<div class=\"elementor-image\">\n\t\t\t\t\t\t\t<figure class=\"wp-caption\">\n\t\t\t\t\t\t\t\t\t\t\t<a href=\"http:\/\/grainedesouvenirs.com\/index.php\/contact\/\">\n\t\t\t\t\t\t\t<img decoding=\"async\" src=\"https:\/\/grainedesouvenirs.com\/wp-content\/uploads\/2020\/03\/36923c95-4ba2-4445-b51c-33910d669ab2-e1583071971268.jpg\" title=\"Anniversaire\" alt=\"Anniversaire\" class=\"elementor-animation-float\" \/>\t\t\t\t\t\t\t\t<\/a>\n\t\t\t\t\t\t\t\t\t\t\t<figcaption class=\"widget-image-caption wp-caption-text\">Anniversaire  - \u00c0 partir 249\u20ac<\/figcaption>\n\t\t\t\t\t\t\t\t\t\t<\/figure>\n\t\t\t\t\t<\/div>\n\t\t\t\t<\/div>\n\t\t\t\t<\/div>\n\t\t\t\t\t\t<\/div>\n\t\t\t\t\t<\/div>\n\t\t<\/div>\n\t\t\t\t\t\t\t\t<\/div>\n\t\t\t\t\t<\/div>\n\t\t<\/section>\n\t\t\t\t<section class=\"elementor-section elementor-top-section elementor-element elementor-element-7c01cf3 elementor-section-boxed elementor-section-height-default elementor-section-height-default\" data-id=\"7c01cf3\" data-element_type=\"section\">\n\t\t\t\t\t\t<div class=\"elementor-container elementor-column-gap-default\">\n\t\t\t\t\t\t\t<div class=\"elementor-row\">\n\t\t\t\t\t<div class=\"elementor-column elementor-col-25 elementor-top-column elementor-element elementor-element-014dfa0\" data-id=\"014dfa0\" data-element_type=\"column\">\n\t\t\t<div class=\"elementor-column-wrap\">\n\t\t\t\t\t\t\t<div class=\"elementor-widget-wrap\">\n\t\t\t\t\t\t\t\t<\/div>\n\t\t\t\t\t<\/div>\n\t\t<\/div>\n\t\t\t\t<div class=\"elementor-column elementor-col-25 elementor-top-column elementor-element elementor-element-ccf26d6\" data-id=\"ccf26d6\" data-element_type=\"column\">\n\t\t\t<div class=\"elementor-column-wrap elementor-element-populated\">\n\t\t\t\t\t\t\t<div class=\"elementor-widget-wrap\">\n\t\t\t\t\t\t<div class=\"elementor-element elementor-element-4be0fea elementor-widget elementor-widget-image\" data-id=\"4be0fea\" data-element_type=\"widget\" data-widget_type=\"image.default\">\n\t\t\t\t<div class=\"elementor-widget-container\">\n\t\t\t\t\t<div class=\"elementor-image\">\n\t\t\t\t\t\t\t<figure class=\"wp-caption\">\n\t\t\t\t\t\t\t\t\t\t\t<a href=\"http:\/\/grainedesouvenirs.com\/index.php\/category\/contact\/\">\n\t\t\t\t\t\t\t<img loading=\"lazy\" decoding=\"async\" width=\"1440\" height=\"910\" src=\"https:\/\/grainedesouvenirs.com\/wp-content\/uploads\/2019\/12\/MG_9199-1-1440x910.jpg\" class=\"elementor-animation-float attachment-large size-large\" alt=\"\" srcset=\"https:\/\/grainedesouvenirs.com\/wp-content\/uploads\/2019\/12\/MG_9199-1-1440x910.jpg 1440w, https:\/\/grainedesouvenirs.com\/wp-content\/uploads\/2019\/12\/MG_9199-1-300x190.jpg 300w, https:\/\/grainedesouvenirs.com\/wp-content\/uploads\/2019\/12\/MG_9199-1-800x506.jpg 800w\" sizes=\"(max-width: 1440px) 100vw, 1440px\" \/>\t\t\t\t\t\t\t\t<\/a>\n\t\t\t\t\t\t\t\t\t\t\t<figcaption class=\"widget-image-caption wp-caption-text\">Grand b\u00e9b\u00e9 - \u00c0 partir 199\u20ac<\/figcaption>\n\t\t\t\t\t\t\t\t\t\t<\/figure>\n\t\t\t\t\t<\/div>\n\t\t\t\t<\/div>\n\t\t\t\t<\/div>\n\t\t\t\t\t\t<\/div>\n\t\t\t\t\t<\/div>\n\t\t<\/div>\n\t\t\t\t<div class=\"elementor-column elementor-col-25 elementor-top-column elementor-element elementor-element-03305d9\" data-id=\"03305d9\" data-element_type=\"column\">\n\t\t\t<div class=\"elementor-column-wrap elementor-element-populated\">\n\t\t\t\t\t\t\t<div class=\"elementor-widget-wrap\">\n\t\t\t\t\t\t<div class=\"elementor-element elementor-element-dd51199 elementor-widget elementor-widget-image\" data-id=\"dd51199\" data-element_type=\"widget\" data-widget_type=\"image.default\">\n\t\t\t\t<div class=\"elementor-widget-container\">\n\t\t\t\t\t<div class=\"elementor-image\">\n\t\t\t\t\t\t\t<figure class=\"wp-caption\">\n\t\t\t\t\t\t\t\t\t\t\t<a href=\"http:\/\/grainedesouvenirs.com\/index.php\/contact\/\">\n\t\t\t\t\t\t\t<img loading=\"lazy\" decoding=\"async\" width=\"1024\" height=\"683\" src=\"https:\/\/grainedesouvenirs.com\/wp-content\/uploads\/2020\/03\/photo10.jpg\" class=\"elementor-animation-float attachment-large size-large\" alt=\"\" srcset=\"https:\/\/grainedesouvenirs.com\/wp-content\/uploads\/2020\/03\/photo10.jpg 1024w, https:\/\/grainedesouvenirs.com\/wp-content\/uploads\/2020\/03\/photo10-300x200.jpg 300w, https:\/\/grainedesouvenirs.com\/wp-content\/uploads\/2020\/03\/photo10-800x534.jpg 800w\" sizes=\"(max-width: 1024px) 100vw, 1024px\" \/>\t\t\t\t\t\t\t\t<\/a>\n\t\t\t\t\t\t\t\t\t\t\t<figcaption class=\"widget-image-caption wp-caption-text\">Enfant \/ Famille - \u00c0 partir de 199\u20ac<\/figcaption>\n\t\t\t\t\t\t\t\t\t\t<\/figure>\n\t\t\t\t\t<\/div>\n\t\t\t\t<\/div>\n\t\t\t\t<\/div>\n\t\t\t\t\t\t<\/div>\n\t\t\t\t\t<\/div>\n\t\t<\/div>\n\t\t\t\t<div class=\"elementor-column elementor-col-25 elementor-top-column elementor-element elementor-element-186591a\" data-id=\"186591a\" data-element_type=\"column\">\n\t\t\t<div class=\"elementor-column-wrap\">\n\t\t\t\t\t\t\t<div class=\"elementor-widget-wrap\">\n\t\t\t\t\t\t\t\t<\/div>\n\t\t\t\t\t<\/div>\n\t\t<\/div>\n\t\t\t\t\t\t\t\t<\/div>\n\t\t\t\t\t<\/div>\n\t\t<\/section>\n\t\t\t\t<section class=\"elementor-section elementor-top-section elementor-element elementor-element-1bcc358 elementor-section-boxed elementor-section-height-default elementor-section-height-default\" data-id=\"1bcc358\" data-element_type=\"section\">\n\t\t\t\t\t\t<div class=\"elementor-container elementor-column-gap-default\">\n\t\t\t\t\t\t\t<div class=\"elementor-row\">\n\t\t\t\t\t<div class=\"elementor-column elementor-col-100 elementor-top-column elementor-element elementor-element-e235f40\" data-id=\"e235f40\" data-element_type=\"column\">\n\t\t\t<div class=\"elementor-column-wrap elementor-element-populated\">\n\t\t\t\t\t\t\t<div class=\"elementor-widget-wrap\">\n\t\t\t\t\t\t<div class=\"elementor-element elementor-element-72aff91 elementor-widget elementor-widget-text-editor\" data-id=\"72aff91\" data-element_type=\"widget\" data-widget_type=\"text-editor.default\">\n\t\t\t\t<div class=\"elementor-widget-container\">\n\t\t\t\t\t<div class=\"elementor-text-editor elementor-clearfix\"><hr>\n<p><\/p>\n<p style=\"text-align: center;\"><span style=\"text-decoration: underline;\"><strong><span style=\"color: #000000; text-decoration: underline;\">BON<\/span><span style=\"color: #000000; text-decoration: underline;\">&nbsp;\u00c0&nbsp; SAVOIR :<\/span><\/strong><\/span><\/p>\n<p style=\"text-align: center;\"><strong><span style=\"color: #000000;\">&#8211; CONTENU DES PRESTATIONS CLASSIQUE :<\/span><\/strong><\/p>\n<p style=\"text-align: center;\"><span style=\"color: #000000;\">1 check liste + pr\u00e9paration de votre s\u00e9ance photo + s\u00e9ance(s) + pr\u00eat d\u2019accessoires&nbsp;<\/span><\/p><p style=\"text-align: center;\"><span style=\"color: rgb(0, 0, 0);\">+ photos num\u00e9riques retouch\u00e9es (nombre selon le pack choisi)<\/span><\/p>\n<p style=\"text-align: center;\"><strong><span style=\"color: #000000;\">&#8211; PACK NAISSANCE :<\/span><\/strong><\/p>\n<p style=\"text-align: center;\"><span style=\"color: #000000;\">Pack grossesse + pack nouveau-n\u00e9 (Avantage de -60 euros par rapport \u00e0 l\u2019achat de 2<\/span><\/p>\n<p style=\"text-align: center;\"><span style=\"color: #000000;\">pack s\u00e9par\u00e9s)<\/span><\/p>\n<p style=\"text-align: center;\"><span style=\"text-decoration: underline;\"><strong><span style=\"color: #000000; text-decoration: underline;\">OPTIONS<\/span><\/strong><\/span><\/p>\n<p style=\"text-align: center;\"><strong><span style=\"color: #000000;\">MINI SEANCE ALLAITEMENT :<\/span><\/strong><\/p>\n<p style=\"text-align: center;\"><span style=\"color: #000000;\">Gardez un souvenir de ce lien si particulier et intime qu\u2019est l\u2019allaitement. Ce moment de<\/span><\/p>\n<p style=\"text-align: center;\"><span style=\"color: #000000;\">gestes de tendresses, de complicit\u00e9, de peau contre peau, d\u2019\u00e9change de regards, de sourire,<\/span><\/p>\n<p style=\"text-align: center;\"><span style=\"color: #000000;\">autant de jolies choses qu\u2019il faut absolument capturer.<\/span><\/p>\n<p style=\"text-align: center;\"><span style=\"color: #000000;\">La prise de vue sera r\u00e9alis\u00e9 pendant votre s\u00e9ance photo nouveau-n\u00e9, b\u00e9b\u00e9, grand b\u00e9b\u00e9 au<\/span><\/p>\n<p style=\"text-align: center;\"><span style=\"color: #000000;\">moment de la t\u00e9t\u00e9e<\/span><\/p>\n<p style=\"text-align: center;\"><strong><span style=\"color: #000000;\">FICHIERS NUMERIQUES \u2013 TIRAGES PAPIERS SUPPLEMENTAIRES<\/span><\/strong><\/p>\n<p style=\"text-align: center;\"><span style=\"color: #000000;\">Je mettrai sur une galerie priv\u00e9e vos photos s\u00e9lectionn\u00e9s et retouch\u00e9, vous pourrais ainsi<\/span><\/p>\n<p style=\"text-align: center;\"><span style=\"color: #000000;\">choisir le d\u00e9veloppement de photos suppl\u00e9mentaire ou acheter les fichiers num\u00e9rique<\/span><\/p>\n<p style=\"text-align: center;\"><strong><span style=\"color: #000000;\">AUTRES SUPPORTS :<\/span><\/strong><\/p>\n<p style=\"text-align: center;\"><span style=\"color: #000000;\">Je propose \u00e9galement plusieurs supports papier haut de gamme ( toile, livre, tirage d\u2019art\u2026.)<\/span><\/p><\/div>\n\t\t\t\t<\/div>\n\t\t\t\t<\/div>\n\t\t\t\t\t\t<\/div>\n\t\t\t\t\t<\/div>\n\t\t<\/div>\n\t\t\t\t\t\t\t\t<\/div>\n\t\t\t\t\t<\/div>\n\t\t<\/section>\n\t\t\t\t<section class=\"elementor-section elementor-top-section elementor-element elementor-element-76bf2a5 elementor-section-boxed elementor-section-height-default elementor-section-height-default\" data-id=\"76bf2a5\" data-element_type=\"section\">\n\t\t\t\t\t\t<div class=\"elementor-container elementor-column-gap-default\">\n\t\t\t\t\t\t\t<div class=\"elementor-row\">\n\t\t\t\t\t<div class=\"elementor-column elementor-col-100 elementor-top-column elementor-element elementor-element-a76c775\" data-id=\"a76c775\" data-element_type=\"column\">\n\t\t\t<div class=\"elementor-column-wrap elementor-element-populated\">\n\t\t\t\t\t\t\t<div class=\"elementor-widget-wrap\">\n\t\t\t\t\t\t<div class=\"elementor-element elementor-element-ddc69c1 elementor-widget elementor-widget-spacer\" data-id=\"ddc69c1\" data-element_type=\"widget\" data-widget_type=\"spacer.default\">\n\t\t\t\t<div class=\"elementor-widget-container\">\n\t\t\t\t\t<div class=\"elementor-spacer\">\n\t\t\t<div class=\"elementor-spacer-inner\"><\/div>\n\t\t<\/div>\n\t\t\t\t<\/div>\n\t\t\t\t<\/div>\n\t\t\t\t\t\t<\/div>\n\t\t\t\t\t<\/div>\n\t\t<\/div>\n\t\t\t\t\t\t\t\t<\/div>\n\t\t\t\t\t<\/div>\n\t\t<\/section>\n\t\t\t\t<section class=\"elementor-section elementor-top-section elementor-element elementor-element-b4f738e elementor-section-boxed elementor-section-height-default elementor-section-height-default\" data-id=\"b4f738e\" data-element_type=\"section\">\n\t\t\t\t\t\t<div class=\"elementor-container elementor-column-gap-default\">\n\t\t\t\t\t\t\t<div class=\"elementor-row\">\n\t\t\t\t\t<div class=\"elementor-column elementor-col-100 elementor-top-column elementor-element elementor-element-686b498\" data-id=\"686b498\" data-element_type=\"column\">\n\t\t\t<div class=\"elementor-column-wrap elementor-element-populated\">\n\t\t\t\t\t\t\t<div class=\"elementor-widget-wrap\">\n\t\t\t\t\t\t<div class=\"elementor-element elementor-element-78b1316 elementor-widget-divider--view-line elementor-widget elementor-widget-divider\" data-id=\"78b1316\" data-element_type=\"widget\" data-widget_type=\"divider.default\">\n\t\t\t\t<div class=\"elementor-widget-container\">\n\t\t\t\t\t<div class=\"elementor-divider\">\n\t\t\t<span class=\"elementor-divider-separator\">\n\t\t\t\t\t\t<\/span>\n\t\t<\/div>\n\t\t\t\t<\/div>\n\t\t\t\t<\/div>\n\t\t\t\t<div class=\"elementor-element elementor-element-7008b57 elementor-button-info elementor-align-center elementor-invisible elementor-widget elementor-widget-button\" data-id=\"7008b57\" data-element_type=\"widget\" data-settings=\"{&quot;_animation&quot;:&quot;zoomIn&quot;}\" data-widget_type=\"button.default\">\n\t\t\t\t<div class=\"elementor-widget-container\">\n\t\t\t\t\t<div class=\"elementor-button-wrapper\">\n\t\t\t<a href=\"http:\/\/grainedesouvenirs.com\/index.php\/contact\/\" target=\"_blank\" class=\"elementor-button-link elementor-button elementor-size-md\" role=\"button\">\n\t\t\t\t\t\t<span class=\"elementor-button-content-wrapper\">\n\t\t\t\t\t\t<span class=\"elementor-button-text\">R\u00e9servez<\/span>\n\t\t<\/span>\n\t\t\t\t\t<\/a>\n\t\t<\/div>\n\t\t\t\t<\/div>\n\t\t\t\t<\/div>\n\t\t\t\t<div class=\"elementor-element elementor-element-747efac elementor-widget-divider--view-line elementor-widget elementor-widget-divider\" data-id=\"747efac\" data-element_type=\"widget\" data-widget_type=\"divider.default\">\n\t\t\t\t<div class=\"elementor-widget-container\">\n\t\t\t\t\t<div class=\"elementor-divider\">\n\t\t\t<span class=\"elementor-divider-separator\">\n\t\t\t\t\t\t<\/span>\n\t\t<\/div>\n\t\t\t\t<\/div>\n\t\t\t\t<\/div>\n\t\t\t\t\t\t<\/div>\n\t\t\t\t\t<\/div>\n\t\t<\/div>\n\t\t\t\t\t\t\t\t<\/div>\n\t\t\t\t\t<\/div>\n\t\t<\/section>\n\t\t\t\t\t\t<\/div>\n\t\t\t\t\t\t<\/div>\n\t\t\t\t\t<\/div>\n\t\t","protected":false},"excerpt":{"rendered":"<p>Pr\u00e9c\u00e9dent Suivant TARIFS Nouveau n\u00e9 &#8211; \u00c0 partir de 299\u20ac Grossesse &#8211; \u00c0 partir 199\u20ac Anniversaire &#8211; \u00c0 partir 249\u20ac Grand b\u00e9b\u00e9 &#8211; \u00c0 partir 199\u20ac Enfant \/ Famille &#8211;&hellip;<\/p>\n","protected":false},"author":1,"featured_media":0,"parent":0,"menu_order":0,"comment_status":"closed","ping_status":"closed","template":"","meta":{"footnotes":""},"class_list":["post-51","page","type-page","status-publish","hentry"],"_links":{"self":[{"href":"https:\/\/grainedesouvenirs.com\/index.php\/wp-json\/wp\/v2\/pages\/51"}],"collection":[{"href":"https:\/\/grainedesouvenirs.com\/index.php\/wp-json\/wp\/v2\/pages"}],"about":[{"href":"https:\/\/grainedesouvenirs.com\/index.php\/wp-json\/wp\/v2\/types\/page"}],"author":[{"embeddable":true,"href":"https:\/\/grainedesouvenirs.com\/index.php\/wp-json\/wp\/v2\/users\/1"}],"replies":[{"embeddable":true,"href":"https:\/\/grainedesouvenirs.com\/index.php\/wp-json\/wp\/v2\/comments?post=51"}],"version-history":[{"count":57,"href":"https:\/\/grainedesouvenirs.com\/index.php\/wp-json\/wp\/v2\/pages\/51\/revisions"}],"predecessor-version":[{"id":330,"href":"https:\/\/grainedesouvenirs.com\/index.php\/wp-json\/wp\/v2\/pages\/51\/revisions\/330"}],"wp:attachment":[{"href":"https:\/\/grainedesouvenirs.com\/index.php\/wp-json\/wp\/v2\/media?parent=51"}],"curies":[{"name":"wp","href":"https:\/\/api.w.org\/{rel}","templated":true}]}}