{"id":222,"date":"2020-03-01T12:21:20","date_gmt":"2020-03-01T11:21:20","guid":{"rendered":"http:\/\/grainedesouvenirs.com\/?page_id=222"},"modified":"2020-03-01T12:21:20","modified_gmt":"2020-03-01T11:21:20","slug":"information-legales","status":"publish","type":"page","link":"https:\/\/grainedesouvenirs.com\/index.php\/information-legales\/","title":{"rendered":"Information l\u00e9gales"},"content":{"rendered":"\n<p><\/p>\n\n\n\n<p>Nom de l\u2019entreprise&nbsp;: Graine de souvenirs&nbsp;<\/p>\n\n\n\n<p>Raison sociale&nbsp;: Auto-entrepreneur<\/p>\n\n\n\n<p>Nom de la dirigeante&nbsp;: Basma NASRI<\/p>\n\n\n\n<p>Localisation&nbsp;: Montreuil (93100)<\/p>\n\n\n\n<p>Mail&nbsp;: <a href=\"mailto:basma.photographe@gmail.com\">basma.photographe@gmail.com<\/a><\/p>\n\n\n\n<p>SIRET&nbsp;: 879 338 945 00014<\/p>\n\n\n\n<p>Code APE&nbsp;: 7420Z (TVA non applicable)<\/p>\n\n\n\n<p><strong>PROPRIETE INTELLECTUELLE&nbsp;:&nbsp;<\/strong><\/p>\n\n\n\n<p>Toutes les images de ce site sont r\u00e9gies par la loi 92-597 du 1\u00b0 Juillet 1992 sur le code de la propri\u00e9t\u00e9 intellectuelle, par cons\u00e9quent les photographies ainsi que les textes sont la propri\u00e9t\u00e9 exclusive de Graine de souvenirs. Toute personne utilisant ou reproduisant les textes et images de ce site, sans accord pr\u00e9alable de ma part, s\u2019exposent \u00e0 des poursuites judiciaires. Cela dit, conform\u00e9ment \u00e0 l\u2019article L.122-5 du Code de la propri\u00e9t\u00e9 intellectuelle, les courtes citations du contenu sont autoris\u00e9es, sous r\u00e9serve que soient indiqu\u00e9s clairement le nom de l\u2019auteur et de la source, par un lien vers une pages de ce site web.<\/p>\n","protected":false},"excerpt":{"rendered":"<p>Nom de l\u2019entreprise&nbsp;: Graine de souvenirs&nbsp; Raison sociale&nbsp;: Auto-entrepreneur Nom de la dirigeante&nbsp;: Basma NASRI Localisation&nbsp;: Montreuil (93100) Mail&nbsp;: basma.photographe@gmail.com SIRET&nbsp;: 879 338 945 00014 Code APE&nbsp;: 7420Z (TVA non&hellip;<\/p>\n","protected":false},"author":1,"featured_media":0,"parent":0,"menu_order":0,"comment_status":"closed","ping_status":"closed","template":"","meta":{"footnotes":""},"class_list":["post-222","page","type-page","status-publish","hentry"],"_links":{"self":[{"href":"https:\/\/grainedesouvenirs.com\/index.php\/wp-json\/wp\/v2\/pages\/222"}],"collection":[{"href":"https:\/\/grainedesouvenirs.com\/index.php\/wp-json\/wp\/v2\/pages"}],"about":[{"href":"https:\/\/grainedesouvenirs.com\/index.php\/wp-json\/wp\/v2\/types\/page"}],"author":[{"embeddable":true,"href":"https:\/\/grainedesouvenirs.com\/index.php\/wp-json\/wp\/v2\/users\/1"}],"replies":[{"embeddable":true,"href":"https:\/\/grainedesouvenirs.com\/index.php\/wp-json\/wp\/v2\/comments?post=222"}],"version-history":[{"count":1,"href":"https:\/\/grainedesouvenirs.com\/index.php\/wp-json\/wp\/v2\/pages\/222\/revisions"}],"predecessor-version":[{"id":223,"href":"https:\/\/grainedesouvenirs.com\/index.php\/wp-json\/wp\/v2\/pages\/222\/revisions\/223"}],"wp:attachment":[{"href":"https:\/\/grainedesouvenirs.com\/index.php\/wp-json\/wp\/v2\/media?parent=222"}],"curies":[{"name":"wp","href":"https:\/\/api.w.org\/{rel}","templated":true}]}}